{"id":97,"date":"2023-11-16T02:09:01","date_gmt":"2023-11-16T02:09:01","guid":{"rendered":"https:\/\/lestroisvallees.net\/?post_type=product&#038;p=97"},"modified":"2023-11-20T04:45:10","modified_gmt":"2023-11-20T04:45:10","slug":"rose-wine-2022","status":"publish","type":"product","link":"https:\/\/lestroisvallees.net\/index.php\/product\/rose-wine-2022\/","title":{"rendered":"Ros\u00e9 Wine 2022"},"content":{"rendered":"<p>Les Trois Vall\u00e9es &#8211; Cuv\u00e9e Speciale Ros\u00e9 Wine &#8211; 2022<\/p>\n","protected":false},"excerpt":{"rendered":"<p>Les Trois Vall\u00e9es &#8211; Cuv\u00e9e Speciale Ros\u00e9 Wine &#8211; 2022<\/p>\n","protected":false},"featured_media":105,"template":"","meta":[],"product_brand":[],"product_cat":[19],"product_tag":[],"class_list":{"0":"post-97","1":"product","2":"type-product","3":"status-publish","4":"has-post-thumbnail","6":"product_cat-rose-wine","8":"first","9":"instock","10":"shipping-taxable","11":"purchasable","12":"product-type-simple"},"_links":{"self":[{"href":"https:\/\/lestroisvallees.net\/index.php\/wp-json\/wp\/v2\/product\/97","targetHints":{"allow":["GET"]}}],"collection":[{"href":"https:\/\/lestroisvallees.net\/index.php\/wp-json\/wp\/v2\/product"}],"about":[{"href":"https:\/\/lestroisvallees.net\/index.php\/wp-json\/wp\/v2\/types\/product"}],"wp:featuredmedia":[{"embeddable":true,"href":"https:\/\/lestroisvallees.net\/index.php\/wp-json\/wp\/v2\/media\/105"}],"wp:attachment":[{"href":"https:\/\/lestroisvallees.net\/index.php\/wp-json\/wp\/v2\/media?parent=97"}],"wp:term":[{"taxonomy":"product_brand","embeddable":true,"href":"https:\/\/lestroisvallees.net\/index.php\/wp-json\/wp\/v2\/product_brand?post=97"},{"taxonomy":"product_cat","embeddable":true,"href":"https:\/\/lestroisvallees.net\/index.php\/wp-json\/wp\/v2\/product_cat?post=97"},{"taxonomy":"product_tag","embeddable":true,"href":"https:\/\/lestroisvallees.net\/index.php\/wp-json\/wp\/v2\/product_tag?post=97"}],"curies":[{"name":"wp","href":"https:\/\/api.w.org\/{rel}","templated":true}]}}